{"id":6546,"date":"2023-08-17T21:05:16","date_gmt":"2023-08-18T00:05:16","guid":{"rendered":"https:\/\/www.nrwolff.com.br\/?page_id=6546"},"modified":"2023-08-17T21:07:14","modified_gmt":"2023-08-18T00:07:14","slug":"portfolio","status":"publish","type":"page","link":"http:\/\/www.nrwolff.com.br\/?page_id=6546","title":{"rendered":"Portfolio"},"content":{"rendered":"<section class=\"l-section wpb_row height_custom color_alternate with_img\"><div class=\"l-section-img\" data-img-width=\"1800\" data-img-height=\"600\" style=\"background-image: url(http:\/\/www.nrwolff.com.br\/wp-content\/uploads\/2023\/07\/fundostopArtboard-1.jpg);\"><\/div><div class=\"l-section-overlay\" style=\"background:rgba(34,35,41,0.8)\"><\/div><div class=\"l-section-h i-cf\"><div class=\"g-cols vc_row via_grid cols_1 laptops-cols_inherit tablets-cols_inherit mobiles-cols_1 valign_top type_default stacking_default\"><div class=\"wpb_column vc_column_container\"><div class=\"vc_column-inner\"><h1 class=\"w-post-elm post_title align_center entry-title color_link_inherit\">Portfolio<\/h1><\/div><\/div><\/div><\/div><\/section><section class=\"l-section wpb_row height_auto width_full color_alternate\"><div class=\"l-section-h i-cf\"><div class=\"g-cols vc_row via_grid cols_1 laptops-cols_inherit tablets-cols_inherit mobiles-cols_1 valign_top type_default stacking_default\"><div class=\"wpb_column vc_column_container\"><div class=\"vc_column-inner\"><div class=\"w-grid type_masonry layout_5987 cols_3 with_isotope with_css_animation no_gap ratio_3x2\" id=\"us_grid_1\" data-filterable=\"true\"><style>@media (max-width:1024px){#us_grid_1 .w-grid-item{width:50%}#us_grid_1 .w-grid-item.size_2x1,#us_grid_1 .w-grid-item.size_2x2{width:100%}}@media (max-width:600px){#us_grid_1 .w-grid-item{width:100%}}.layout_5987 .w-grid-item-h:before{padding-bottom:66.6667%}@media (min-width:601px){.layout_5987 .w-grid-item.size_1x2 .w-grid-item-h:before{padding-bottom:calc(133.3333% + 0px + 0px)}.layout_5987 .w-grid-item.size_2x1 .w-grid-item-h:before{padding-bottom:calc(33.3333% - 0px * 0.6667)}.layout_5987 .w-grid-item.size_2x2 .w-grid-item-h:before{padding-bottom:calc(66.6667% - 0px * -0.6666)}}.layout_5987 .w-grid-item-h{}.layout_5987 .usg_post_image_1{transition-duration:0.4s;transform-origin:50% 50%;transform:scale(0.3) translate(0%,0%)}.layout_5987 .w-grid-item-h:hover .usg_post_image_1{transform:scale(1) translate(0%,0%);opacity:1}.layout_5987 .usg_vwrapper_1{transition-duration:0.4s;transform-origin:50% 50%;transform:scale(1) translate(0%,0%)}.layout_5987 .w-grid-item-h:hover .usg_vwrapper_1{transform:scale(2) translate(-50%,-50%);opacity:0}.layout_5987 .usg_post_image_1{position:absolute!important;top:0!important;right:0!important;bottom:0!important;left:0!important}.layout_5987 .usg_vwrapper_1{position:absolute!important;top:0!important;right:0!important;left:0!important;padding-top:8%!important;padding-right:33%!important;padding-left:8%!important}.layout_5987 .usg_post_title_1{color:inherit!important;font-weight:700!important;text-transform:uppercase!important;font-size:calc(1.5rem + 1vw)!important}<\/style><div class=\"w-grid-list\">\t<article class=\"w-grid-item us_animate_afc off_autostart post-6574 us_portfolio type-us_portfolio status-publish has-post-thumbnail hentry\" data-id=\"6574\" style=\"animation-delay:0s\">\n\t\t<div class=\"w-grid-item-h\">\n\t\t\t\t\t\t\t<a class=\"w-grid-item-anchor\" href=\"http:\/\/www.nrwolff.com.br\/?us_portfolio=cursos-de-nr-06-epis-nr-10-seguranca-em-eletricidade-nr-11-manuseio-e-transporte-de-cargas-nr-12-seguranca-no-trabalho-em-maquinas-e-equipamentos-nr-23-brigada-de-incendio-nr-33\" rel=\"bookmark\" aria-label=\"cursos de NR 06, NR 10, NR 11, NR 12, NR 23, NR 33, NR 35\"><\/a>\n\t\t\t\t\t\t<div class=\"w-post-elm post_image usg_post_image_1 grid_corner_image as_circle stretched\"><img loading=\"lazy\" decoding=\"async\" width=\"1018\" height=\"764\" src=\"http:\/\/www.nrwolff.com.br\/wp-content\/uploads\/2023\/09\/empi02.jpg\" class=\"attachment-large size-large wp-post-image\" alt=\"\" srcset=\"http:\/\/www.nrwolff.com.br\/wp-content\/uploads\/2023\/09\/empi02.jpg 1018w, http:\/\/www.nrwolff.com.br\/wp-content\/uploads\/2023\/09\/empi02-300x225.jpg 300w, http:\/\/www.nrwolff.com.br\/wp-content\/uploads\/2023\/09\/empi02-600x450.jpg 600w\" sizes=\"auto, (max-width: 1018px) 100vw, 1018px\" \/><\/div><div class=\"w-vwrapper usg_vwrapper_1 align_left valign_top\"><h2 class=\"w-post-elm post_title usg_post_title_1 has_text_color entry-title color_link_inherit\">cursos de NR 06, NR 10, NR 11, NR 12, NR 23, NR 33, NR 35<\/h2><\/div>\t\t<\/div>\n\t<\/article>\n\t<article class=\"w-grid-item us_animate_afc off_autostart post-6539 us_portfolio type-us_portfolio status-publish has-post-thumbnail hentry\" data-id=\"6539\" style=\"animation-delay:0.1s\">\n\t\t<div class=\"w-grid-item-h\">\n\t\t\t\t\t\t\t<a class=\"w-grid-item-anchor\" href=\"http:\/\/www.nrwolff.com.br\/?us_portfolio=avaliacao-de-ruido-ocupacional\" rel=\"bookmark\" aria-label=\"Avalia\u00e7\u00e3o de Ruido Ocupacional\"><\/a>\n\t\t\t\t\t\t<div class=\"w-post-elm post_image usg_post_image_1 grid_corner_image as_circle stretched\"><img loading=\"lazy\" decoding=\"async\" width=\"768\" height=\"1024\" src=\"http:\/\/www.nrwolff.com.br\/wp-content\/uploads\/2023\/08\/WhatsApp-Image-2023-08-12-at-18.06.10-768x1024.jpeg\" class=\"attachment-large size-large wp-post-image\" alt=\"\" srcset=\"http:\/\/www.nrwolff.com.br\/wp-content\/uploads\/2023\/08\/WhatsApp-Image-2023-08-12-at-18.06.10-768x1024.jpeg 768w, http:\/\/www.nrwolff.com.br\/wp-content\/uploads\/2023\/08\/WhatsApp-Image-2023-08-12-at-18.06.10-225x300.jpeg 225w, http:\/\/www.nrwolff.com.br\/wp-content\/uploads\/2023\/08\/WhatsApp-Image-2023-08-12-at-18.06.10-600x800.jpeg 600w, http:\/\/www.nrwolff.com.br\/wp-content\/uploads\/2023\/08\/WhatsApp-Image-2023-08-12-at-18.06.10.jpeg 960w\" sizes=\"auto, (max-width: 768px) 100vw, 768px\" \/><\/div><div class=\"w-vwrapper usg_vwrapper_1 align_left valign_top\"><h2 class=\"w-post-elm post_title usg_post_title_1 has_text_color entry-title color_link_inherit\">Avalia\u00e7\u00e3o de Ruido Ocupacional<\/h2><\/div>\t\t<\/div>\n\t<\/article>\n<\/div><div class=\"w-grid-preloader\"><div class=\"g-preloader type_1\">\n\t<div><\/div>\n<\/div>\n<\/div>\t<div class=\"w-grid-json hidden\" onclick='return {&quot;action&quot;:&quot;us_ajax_grid&quot;,&quot;ajax_url&quot;:&quot;http:\\\/\\\/www.nrwolff.com.br\\\/wp-admin\\\/admin-ajax.php&quot;,&quot;infinite_scroll&quot;:0,&quot;max_num_pages&quot;:1,&quot;pagination&quot;:&quot;none&quot;,&quot;permalink_url&quot;:&quot;http:\\\/\\\/www.nrwolff.com.br&quot;,&quot;template_vars&quot;:{&quot;columns&quot;:&quot;3&quot;,&quot;exclude_items&quot;:&quot;none&quot;,&quot;img_size&quot;:&quot;default&quot;,&quot;ignore_items_size&quot;:0,&quot;items_layout&quot;:&quot;5987&quot;,&quot;items_offset&quot;:&quot;1&quot;,&quot;load_animation&quot;:&quot;afc&quot;,&quot;overriding_link&quot;:&quot;post&quot;,&quot;post_id&quot;:0,&quot;query_args&quot;:{&quot;post_type&quot;:[&quot;us_portfolio&quot;],&quot;post_status&quot;:[&quot;publish&quot;,&quot;acf-disabled&quot;],&quot;posts_per_page&quot;:999},&quot;orderby_query_args&quot;:{&quot;orderby&quot;:{&quot;date&quot;:&quot;DESC&quot;}},&quot;type&quot;:&quot;masonry&quot;,&quot;us_grid_ajax_index&quot;:1,&quot;us_grid_filter_params&quot;:null,&quot;us_grid_index&quot;:1,&quot;_us_grid_post_type&quot;:&quot;us_portfolio&quot;,&quot;page_args&quot;:[]}}'><\/div>\n\t<\/div><\/div><\/div><\/div><\/div><\/section>\n","protected":false},"excerpt":{"rendered":"Nesta empresa, uma oficina de motocicletas a NRWOLFF como parte da elabora\u00e7\u00e3o dos programas de Sa\u00fade e Seguran\u00e7a do Trabalho efetuou a avalia\u00e7\u00e3o de ru\u00eddo ocupacional. Utilizamos para isto um dos\u00edmetro de ruido devidamente calibrado e uma tempo de medi\u00e7\u00e3o de 4 horas, o qual foi feita a sua adequa\u00e7\u00e3o para uma jornada de 8h....","protected":false},"author":2,"featured_media":0,"parent":0,"menu_order":0,"comment_status":"closed","ping_status":"closed","template":"","meta":{"footnotes":""},"class_list":["post-6546","page","type-page","status-publish","hentry"],"acf":[],"yoast_head":"<!-- This site is optimized with the Yoast SEO plugin v23.0 - https:\/\/yoast.com\/wordpress\/plugins\/seo\/ -->\n<title>Portfolio - Nrwolff<\/title>\n<meta name=\"robots\" content=\"index, follow, max-snippet:-1, max-image-preview:large, max-video-preview:-1\" \/>\n<link rel=\"canonical\" href=\"http:\/\/www.nrwolff.com.br\/?page_id=6546\" \/>\n<meta property=\"og:locale\" content=\"pt_BR\" \/>\n<meta property=\"og:type\" content=\"article\" \/>\n<meta property=\"og:title\" content=\"Portfolio - Nrwolff\" \/>\n<meta property=\"og:url\" content=\"http:\/\/www.nrwolff.com.br\/?page_id=6546\" \/>\n<meta property=\"og:site_name\" content=\"Nrwolff\" \/>\n<meta property=\"article:modified_time\" content=\"2023-08-18T00:07:14+00:00\" \/>\n<meta name=\"twitter:card\" content=\"summary_large_image\" \/>\n<meta name=\"twitter:label1\" content=\"Est. tempo de leitura\" \/>\n\t<meta name=\"twitter:data1\" content=\"1 minuto\" \/>\n<script type=\"application\/ld+json\" class=\"yoast-schema-graph\">{\"@context\":\"https:\/\/schema.org\",\"@graph\":[{\"@type\":\"WebPage\",\"@id\":\"http:\/\/www.nrwolff.com.br\/?page_id=6546\",\"url\":\"http:\/\/www.nrwolff.com.br\/?page_id=6546\",\"name\":\"Portfolio - Nrwolff\",\"isPartOf\":{\"@id\":\"https:\/\/www.nrwolff.com.br\/#website\"},\"datePublished\":\"2023-08-18T00:05:16+00:00\",\"dateModified\":\"2023-08-18T00:07:14+00:00\",\"breadcrumb\":{\"@id\":\"http:\/\/www.nrwolff.com.br\/?page_id=6546#breadcrumb\"},\"inLanguage\":\"pt-BR\",\"potentialAction\":[{\"@type\":\"ReadAction\",\"target\":[\"http:\/\/www.nrwolff.com.br\/?page_id=6546\"]}]},{\"@type\":\"BreadcrumbList\",\"@id\":\"http:\/\/www.nrwolff.com.br\/?page_id=6546#breadcrumb\",\"itemListElement\":[{\"@type\":\"ListItem\",\"position\":1,\"name\":\"In\u00edcio\",\"item\":\"https:\/\/www.nrwolff.com.br\/\"},{\"@type\":\"ListItem\",\"position\":2,\"name\":\"Portfolio\"}]},{\"@type\":\"WebSite\",\"@id\":\"https:\/\/www.nrwolff.com.br\/#website\",\"url\":\"https:\/\/www.nrwolff.com.br\/\",\"name\":\"Nrwolff\",\"description\":\"Seguran\u00e7a do Trabalho\",\"potentialAction\":[{\"@type\":\"SearchAction\",\"target\":{\"@type\":\"EntryPoint\",\"urlTemplate\":\"https:\/\/www.nrwolff.com.br\/?s={search_term_string}\"},\"query-input\":\"required name=search_term_string\"}],\"inLanguage\":\"pt-BR\"}]}<\/script>\n<!-- \/ Yoast SEO plugin. -->","yoast_head_json":{"title":"Portfolio - Nrwolff","robots":{"index":"index","follow":"follow","max-snippet":"max-snippet:-1","max-image-preview":"max-image-preview:large","max-video-preview":"max-video-preview:-1"},"canonical":"http:\/\/www.nrwolff.com.br\/?page_id=6546","og_locale":"pt_BR","og_type":"article","og_title":"Portfolio - Nrwolff","og_url":"http:\/\/www.nrwolff.com.br\/?page_id=6546","og_site_name":"Nrwolff","article_modified_time":"2023-08-18T00:07:14+00:00","twitter_card":"summary_large_image","twitter_misc":{"Est. tempo de leitura":"1 minuto"},"schema":{"@context":"https:\/\/schema.org","@graph":[{"@type":"WebPage","@id":"http:\/\/www.nrwolff.com.br\/?page_id=6546","url":"http:\/\/www.nrwolff.com.br\/?page_id=6546","name":"Portfolio - Nrwolff","isPartOf":{"@id":"https:\/\/www.nrwolff.com.br\/#website"},"datePublished":"2023-08-18T00:05:16+00:00","dateModified":"2023-08-18T00:07:14+00:00","breadcrumb":{"@id":"http:\/\/www.nrwolff.com.br\/?page_id=6546#breadcrumb"},"inLanguage":"pt-BR","potentialAction":[{"@type":"ReadAction","target":["http:\/\/www.nrwolff.com.br\/?page_id=6546"]}]},{"@type":"BreadcrumbList","@id":"http:\/\/www.nrwolff.com.br\/?page_id=6546#breadcrumb","itemListElement":[{"@type":"ListItem","position":1,"name":"In\u00edcio","item":"https:\/\/www.nrwolff.com.br\/"},{"@type":"ListItem","position":2,"name":"Portfolio"}]},{"@type":"WebSite","@id":"https:\/\/www.nrwolff.com.br\/#website","url":"https:\/\/www.nrwolff.com.br\/","name":"Nrwolff","description":"Seguran\u00e7a do Trabalho","potentialAction":[{"@type":"SearchAction","target":{"@type":"EntryPoint","urlTemplate":"https:\/\/www.nrwolff.com.br\/?s={search_term_string}"},"query-input":"required name=search_term_string"}],"inLanguage":"pt-BR"}]}},"_links":{"self":[{"href":"http:\/\/www.nrwolff.com.br\/index.php?rest_route=\/wp\/v2\/pages\/6546","targetHints":{"allow":["GET"]}}],"collection":[{"href":"http:\/\/www.nrwolff.com.br\/index.php?rest_route=\/wp\/v2\/pages"}],"about":[{"href":"http:\/\/www.nrwolff.com.br\/index.php?rest_route=\/wp\/v2\/types\/page"}],"author":[{"embeddable":true,"href":"http:\/\/www.nrwolff.com.br\/index.php?rest_route=\/wp\/v2\/users\/2"}],"replies":[{"embeddable":true,"href":"http:\/\/www.nrwolff.com.br\/index.php?rest_route=%2Fwp%2Fv2%2Fcomments&post=6546"}],"version-history":[{"count":3,"href":"http:\/\/www.nrwolff.com.br\/index.php?rest_route=\/wp\/v2\/pages\/6546\/revisions"}],"predecessor-version":[{"id":6549,"href":"http:\/\/www.nrwolff.com.br\/index.php?rest_route=\/wp\/v2\/pages\/6546\/revisions\/6549"}],"wp:attachment":[{"href":"http:\/\/www.nrwolff.com.br\/index.php?rest_route=%2Fwp%2Fv2%2Fmedia&parent=6546"}],"curies":[{"name":"wp","href":"https:\/\/api.w.org\/{rel}","templated":true}]}}