{"id":6332,"date":"2023-05-29T19:55:03","date_gmt":"2023-05-29T22:55:03","guid":{"rendered":"http:\/\/www.nrwolff.com.br\/?page_id=6332"},"modified":"2023-07-21T00:16:20","modified_gmt":"2023-07-21T03:16:20","slug":"solucoes","status":"publish","type":"page","link":"http:\/\/www.nrwolff.com.br\/?page_id=6332","title":{"rendered":"Solu\u00e7\u00f5es"},"content":{"rendered":"<section class=\"l-section wpb_row blackbox listsol height_custom with_img parallax_ver\"><div class=\"l-section-img\" data-img-width=\"1080\" data-img-height=\"1150\" style=\"background-image: url(http:\/\/www.nrwolff.com.br\/wp-content\/uploads\/2023\/07\/bgserv.jpg);background-repeat: no-repeat;\"><\/div><div class=\"l-section-h i-cf\"><div class=\"g-cols vc_row via_grid cols_1 laptops-cols_inherit tablets-cols_inherit mobiles-cols_1 valign_top type_default stacking_default\"><div class=\"wpb_column vc_column_container us_custom_60e9caca us_animate_this\"><div class=\"vc_column-inner\"><div class=\"w-separator size_medium\"><\/div><div class=\"wpb_text_column\"><div class=\"wpb_wrapper\"><h2 style=\"text-align: center;\">SOLU\u00c7\u00d5ES<\/h2>\n<\/div><\/div><div class=\"w-separator size_large\"><\/div><div class=\"w-grid procgrid type_grid layout_6504 cols_2 with_css_animation\" id=\"us_grid_1\" data-filterable=\"true\"><style>#us_grid_1 .w-grid-item{padding:1.5rem}#us_grid_1 .w-grid-list{margin:-1.5rem -1.5rem 1.5rem}.w-grid + #us_grid_1 .w-grid-list,.w-grid-none + #us_grid_1 .w-grid-list{margin-top:1.5rem}@media (max-width:600px){#us_grid_1 .w-grid-list{margin:0}#us_grid_1 .w-grid-item{width:100%;padding:0;margin-bottom:1.5rem}}.layout_6504 .w-grid-item-h{}.layout_6504 .usg_post_title_1{font-size:1.6rem!important;font-weight:700!important;text-transform:uppercase!important;margin-bottom:0.2rem!important}.layout_6504 .usg_post_content_1{margin-top:1rem!important;margin-bottom:1.3rem!important}.layout_6504 .usg_post_image_1{width:64px!important}@media (min-width:1025px) and (max-width:1280px){.layout_6504 .usg_post_title_1{font-size:1.6rem!important;font-weight:700!important}}@media (min-width:601px) and (max-width:1024px){.layout_6504 .usg_post_title_1{font-size:1.6rem!important;font-weight:700!important}}@media (max-width:600px){.layout_6504 .usg_post_title_1{font-size:1.3rem!important;font-weight:700!important}}<\/style><div class=\"w-grid-list\">\t<article class=\"w-grid-item us_animate_fade post-6591 servicos type-servicos status-publish has-post-thumbnail hentry\" data-id=\"6591\" style=\"animation-delay:0s\">\n\t\t<div class=\"w-grid-item-h\">\n\t\t\t\t\t\t<div class=\"w-hwrapper usg_hwrapper_2 align_left valign_top\" style=\"--hwrapper-gap:1.20rem\"><div class=\"w-post-elm post_image usg_post_image_1 has_width\"><a href=\"http:\/\/www.nrwolff.com.br\/?servicos=assistencia-tecnica-pericial\" aria-label=\"Assist\u00eancia T\u00e9cnica pericial\"><img loading=\"lazy\" decoding=\"async\" width=\"63\" height=\"79\" src=\"http:\/\/www.nrwolff.com.br\/wp-content\/uploads\/2023\/07\/icones-01.png\" class=\"attachment-full size-full wp-post-image\" alt=\"\" \/><\/a><\/div><div class=\"w-vwrapper usg_vwrapper_1 align_left\"><h2 class=\"w-post-elm post_title usg_post_title_1 entry-title color_link_inherit\"><a href=\"http:\/\/www.nrwolff.com.br\/?servicos=assistencia-tecnica-pericial\">Assist\u00eancia T\u00e9cnica pericial<\/a><\/h2><div class=\"w-post-elm post_content usg_post_content_1\">A NRWOLFF tamb\u00e9m oferece os servi\u00e7os de Assist\u00eancia T\u00e9cnica Pericial. A Assist\u00eancia T\u00e9cnica Pericial analisa se o Perito Judicial cumpriu com o devido processo legal,&hellip;<\/div><a class=\"w-btn us-btn-style_5 usg_btn_1\" href=\"http:\/\/www.nrwolff.com.br\/?servicos=assistencia-tecnica-pericial\"><span class=\"w-btn-label\">Ver +<\/span><\/a><\/div><\/div>\t\t<\/div>\n\t<\/article>\n\t<article class=\"w-grid-item us_animate_fade post-6536 servicos type-servicos status-publish has-post-thumbnail hentry\" data-id=\"6536\" style=\"animation-delay:0.1s\">\n\t\t<div class=\"w-grid-item-h\">\n\t\t\t\t\t\t<div class=\"w-hwrapper usg_hwrapper_2 align_left valign_top\" style=\"--hwrapper-gap:1.20rem\"><div class=\"w-post-elm post_image usg_post_image_1 has_width\"><a href=\"http:\/\/www.nrwolff.com.br\/?servicos=pericias-trabalhistas\" aria-label=\"Per\u00edcias Trabalhistas\"><img loading=\"lazy\" decoding=\"async\" width=\"63\" height=\"79\" src=\"http:\/\/www.nrwolff.com.br\/wp-content\/uploads\/2023\/07\/icones-04.png\" class=\"attachment-full size-full wp-post-image\" alt=\"\" \/><\/a><\/div><div class=\"w-vwrapper usg_vwrapper_1 align_left\"><h2 class=\"w-post-elm post_title usg_post_title_1 entry-title color_link_inherit\"><a href=\"http:\/\/www.nrwolff.com.br\/?servicos=pericias-trabalhistas\">Per\u00edcias Trabalhistas<\/a><\/h2><div class=\"w-post-elm post_content usg_post_content_1\">A NRWOLFF presta assessoria em Per\u00edcias judiciais, bem como assist\u00eancia t\u00e9cnica em per\u00edcias trabalhistas e previdenci\u00e1rias, de insalubridade, periculosidade, retifica\u00e7\u00e3o de PPP etc. Elaboramos os&hellip;<\/div><a class=\"w-btn us-btn-style_5 usg_btn_1\" href=\"http:\/\/www.nrwolff.com.br\/?servicos=pericias-trabalhistas\"><span class=\"w-btn-label\">Ver +<\/span><\/a><\/div><\/div>\t\t<\/div>\n\t<\/article>\n\t<article class=\"w-grid-item us_animate_fade post-6517 servicos type-servicos status-publish has-post-thumbnail hentry\" data-id=\"6517\" style=\"animation-delay:0.2s\">\n\t\t<div class=\"w-grid-item-h\">\n\t\t\t\t\t\t<div class=\"w-hwrapper usg_hwrapper_2 align_left valign_top\" style=\"--hwrapper-gap:1.20rem\"><div class=\"w-post-elm post_image usg_post_image_1 has_width\"><a href=\"http:\/\/www.nrwolff.com.br\/?servicos=ppci\" aria-label=\"PPCI\"><img loading=\"lazy\" decoding=\"async\" width=\"63\" height=\"79\" src=\"http:\/\/www.nrwolff.com.br\/wp-content\/uploads\/2023\/07\/icones-01.png\" class=\"attachment-full size-full wp-post-image\" alt=\"\" \/><\/a><\/div><div class=\"w-vwrapper usg_vwrapper_1 align_left\"><h2 class=\"w-post-elm post_title usg_post_title_1 entry-title color_link_inherit\"><a href=\"http:\/\/www.nrwolff.com.br\/?servicos=ppci\">PPCI<\/a><\/h2><div class=\"w-post-elm post_content usg_post_content_1\">O Plano de Preven\u00e7\u00e3o Contra Inc\u00eandio (PPCI) \u00e9 um documento elaborado para atender \u00e0s regulamenta\u00e7\u00f5es de seguran\u00e7a contra inc\u00eandios. Ele \u00e9 geralmente exigido por \u00f3rg\u00e3os&hellip;<\/div><a class=\"w-btn us-btn-style_5 usg_btn_1\" href=\"http:\/\/www.nrwolff.com.br\/?servicos=ppci\"><span class=\"w-btn-label\">Ver +<\/span><\/a><\/div><\/div>\t\t<\/div>\n\t<\/article>\n\t<article class=\"w-grid-item us_animate_fade post-6515 servicos type-servicos status-publish has-post-thumbnail hentry\" data-id=\"6515\" style=\"animation-delay:0.3s\">\n\t\t<div class=\"w-grid-item-h\">\n\t\t\t\t\t\t<div class=\"w-hwrapper usg_hwrapper_2 align_left valign_top\" style=\"--hwrapper-gap:1.20rem\"><div class=\"w-post-elm post_image usg_post_image_1 has_width\"><a href=\"http:\/\/www.nrwolff.com.br\/?servicos=treinamento-nrs\" aria-label=\"TREINAMENTO NRS\"><img loading=\"lazy\" decoding=\"async\" width=\"63\" height=\"79\" src=\"http:\/\/www.nrwolff.com.br\/wp-content\/uploads\/2023\/07\/icones-04.png\" class=\"attachment-full size-full wp-post-image\" alt=\"\" \/><\/a><\/div><div class=\"w-vwrapper usg_vwrapper_1 align_left\"><h2 class=\"w-post-elm post_title usg_post_title_1 entry-title color_link_inherit\"><a href=\"http:\/\/www.nrwolff.com.br\/?servicos=treinamento-nrs\">TREINAMENTO NRS<\/a><\/h2><div class=\"w-post-elm post_content usg_post_content_1\">\u2013 NR 6 : EPIs &#8211; NR 11 : Empilhadeira, firma transpaleteira, etc &#8230; &#8211; NR23 : Brigada de Inc\u00eandio, NBR 14276 &#8211; NR 33:&hellip;<\/div><a class=\"w-btn us-btn-style_5 usg_btn_1\" href=\"http:\/\/www.nrwolff.com.br\/?servicos=treinamento-nrs\"><span class=\"w-btn-label\">Ver +<\/span><\/a><\/div><\/div>\t\t<\/div>\n\t<\/article>\n<\/div><div class=\"w-grid-preloader\"><div class=\"g-preloader type_1\">\n\t<div><\/div>\n<\/div>\n<\/div>\t\t<div class=\"g-loadmore \">\n\t\t\t<div class=\"g-preloader type_1\">\n\t\t\t\t<div><\/div>\n\t\t\t<\/div>\n\t\t\t<button class=\"w-btn us-btn-style_1\">\n\t\t\t\t<span class=\"w-btn-label\">Carregar mais<\/span>\n\t\t\t<\/button>\n\t\t<\/div>\n\t\t\t<div class=\"w-grid-json hidden\" onclick='return {&quot;action&quot;:&quot;us_ajax_grid&quot;,&quot;ajax_url&quot;:&quot;http:\\\/\\\/www.nrwolff.com.br\\\/wp-admin\\\/admin-ajax.php&quot;,&quot;infinite_scroll&quot;:true,&quot;max_num_pages&quot;:2,&quot;pagination&quot;:&quot;ajax&quot;,&quot;permalink_url&quot;:&quot;http:\\\/\\\/www.nrwolff.com.br&quot;,&quot;template_vars&quot;:{&quot;columns&quot;:&quot;2&quot;,&quot;exclude_items&quot;:&quot;none&quot;,&quot;img_size&quot;:&quot;default&quot;,&quot;ignore_items_size&quot;:0,&quot;items_layout&quot;:&quot;6504&quot;,&quot;items_offset&quot;:&quot;1&quot;,&quot;load_animation&quot;:&quot;fade&quot;,&quot;overriding_link&quot;:&quot;none&quot;,&quot;post_id&quot;:0,&quot;query_args&quot;:{&quot;post_type&quot;:[&quot;servicos&quot;],&quot;post_status&quot;:[&quot;publish&quot;,&quot;acf-disabled&quot;],&quot;posts_per_page&quot;:&quot;4&quot;},&quot;orderby_query_args&quot;:{&quot;orderby&quot;:{&quot;date&quot;:&quot;DESC&quot;}},&quot;type&quot;:&quot;grid&quot;,&quot;us_grid_ajax_index&quot;:1,&quot;us_grid_filter_params&quot;:null,&quot;us_grid_index&quot;:1,&quot;_us_grid_post_type&quot;:&quot;servicos&quot;,&quot;page_args&quot;:[]}}'><\/div>\n\t<\/div><div class=\"w-separator size_medium\"><\/div><\/div><\/div><\/div><\/div><\/section>\n","protected":false},"excerpt":{"rendered":"\u2013 NR 6 : EPIs - NR 11 : Empilhadeira, firma transpaleteira, etc ... - NR23 : Brigada de Inc\u00eandio, NBR 14276 - NR 33: Espa\u00e7o Confinado. - NR 35: Trabalho em altura","protected":false},"author":1,"featured_media":0,"parent":0,"menu_order":0,"comment_status":"closed","ping_status":"closed","template":"","meta":{"footnotes":""},"class_list":["post-6332","page","type-page","status-publish","hentry"],"acf":[],"yoast_head":"<!-- This site is optimized with the Yoast SEO plugin v23.0 - https:\/\/yoast.com\/wordpress\/plugins\/seo\/ -->\n<title>Solu\u00e7\u00f5es - Nrwolff<\/title>\n<meta name=\"robots\" content=\"index, follow, max-snippet:-1, max-image-preview:large, max-video-preview:-1\" \/>\n<link rel=\"canonical\" href=\"https:\/\/www.nrwolff.com.br\/?page_id=6332\" \/>\n<meta property=\"og:locale\" content=\"pt_BR\" \/>\n<meta property=\"og:type\" content=\"article\" \/>\n<meta property=\"og:title\" content=\"Solu\u00e7\u00f5es - Nrwolff\" \/>\n<meta property=\"og:url\" content=\"https:\/\/www.nrwolff.com.br\/?page_id=6332\" \/>\n<meta property=\"og:site_name\" content=\"Nrwolff\" \/>\n<meta property=\"article:modified_time\" content=\"2023-07-21T03:16:20+00:00\" \/>\n<meta name=\"twitter:card\" content=\"summary_large_image\" \/>\n<meta name=\"twitter:label1\" content=\"Est. tempo de leitura\" \/>\n\t<meta name=\"twitter:data1\" content=\"2 minutos\" \/>\n<script type=\"application\/ld+json\" class=\"yoast-schema-graph\">{\"@context\":\"https:\/\/schema.org\",\"@graph\":[{\"@type\":\"WebPage\",\"@id\":\"https:\/\/www.nrwolff.com.br\/?page_id=6332\",\"url\":\"https:\/\/www.nrwolff.com.br\/?page_id=6332\",\"name\":\"Solu\u00e7\u00f5es - Nrwolff\",\"isPartOf\":{\"@id\":\"https:\/\/www.nrwolff.com.br\/#website\"},\"datePublished\":\"2023-05-29T22:55:03+00:00\",\"dateModified\":\"2023-07-21T03:16:20+00:00\",\"breadcrumb\":{\"@id\":\"https:\/\/www.nrwolff.com.br\/?page_id=6332#breadcrumb\"},\"inLanguage\":\"pt-BR\",\"potentialAction\":[{\"@type\":\"ReadAction\",\"target\":[\"https:\/\/www.nrwolff.com.br\/?page_id=6332\"]}]},{\"@type\":\"BreadcrumbList\",\"@id\":\"https:\/\/www.nrwolff.com.br\/?page_id=6332#breadcrumb\",\"itemListElement\":[{\"@type\":\"ListItem\",\"position\":1,\"name\":\"In\u00edcio\",\"item\":\"https:\/\/www.nrwolff.com.br\/\"},{\"@type\":\"ListItem\",\"position\":2,\"name\":\"Solu\u00e7\u00f5es\"}]},{\"@type\":\"WebSite\",\"@id\":\"https:\/\/www.nrwolff.com.br\/#website\",\"url\":\"https:\/\/www.nrwolff.com.br\/\",\"name\":\"Nrwolff\",\"description\":\"Seguran\u00e7a do Trabalho\",\"potentialAction\":[{\"@type\":\"SearchAction\",\"target\":{\"@type\":\"EntryPoint\",\"urlTemplate\":\"https:\/\/www.nrwolff.com.br\/?s={search_term_string}\"},\"query-input\":\"required name=search_term_string\"}],\"inLanguage\":\"pt-BR\"}]}<\/script>\n<!-- \/ Yoast SEO plugin. -->","yoast_head_json":{"title":"Solu\u00e7\u00f5es - Nrwolff","robots":{"index":"index","follow":"follow","max-snippet":"max-snippet:-1","max-image-preview":"max-image-preview:large","max-video-preview":"max-video-preview:-1"},"canonical":"https:\/\/www.nrwolff.com.br\/?page_id=6332","og_locale":"pt_BR","og_type":"article","og_title":"Solu\u00e7\u00f5es - Nrwolff","og_url":"https:\/\/www.nrwolff.com.br\/?page_id=6332","og_site_name":"Nrwolff","article_modified_time":"2023-07-21T03:16:20+00:00","twitter_card":"summary_large_image","twitter_misc":{"Est. tempo de leitura":"2 minutos"},"schema":{"@context":"https:\/\/schema.org","@graph":[{"@type":"WebPage","@id":"https:\/\/www.nrwolff.com.br\/?page_id=6332","url":"https:\/\/www.nrwolff.com.br\/?page_id=6332","name":"Solu\u00e7\u00f5es - Nrwolff","isPartOf":{"@id":"https:\/\/www.nrwolff.com.br\/#website"},"datePublished":"2023-05-29T22:55:03+00:00","dateModified":"2023-07-21T03:16:20+00:00","breadcrumb":{"@id":"https:\/\/www.nrwolff.com.br\/?page_id=6332#breadcrumb"},"inLanguage":"pt-BR","potentialAction":[{"@type":"ReadAction","target":["https:\/\/www.nrwolff.com.br\/?page_id=6332"]}]},{"@type":"BreadcrumbList","@id":"https:\/\/www.nrwolff.com.br\/?page_id=6332#breadcrumb","itemListElement":[{"@type":"ListItem","position":1,"name":"In\u00edcio","item":"https:\/\/www.nrwolff.com.br\/"},{"@type":"ListItem","position":2,"name":"Solu\u00e7\u00f5es"}]},{"@type":"WebSite","@id":"https:\/\/www.nrwolff.com.br\/#website","url":"https:\/\/www.nrwolff.com.br\/","name":"Nrwolff","description":"Seguran\u00e7a do Trabalho","potentialAction":[{"@type":"SearchAction","target":{"@type":"EntryPoint","urlTemplate":"https:\/\/www.nrwolff.com.br\/?s={search_term_string}"},"query-input":"required name=search_term_string"}],"inLanguage":"pt-BR"}]}},"_links":{"self":[{"href":"http:\/\/www.nrwolff.com.br\/index.php?rest_route=\/wp\/v2\/pages\/6332","targetHints":{"allow":["GET"]}}],"collection":[{"href":"http:\/\/www.nrwolff.com.br\/index.php?rest_route=\/wp\/v2\/pages"}],"about":[{"href":"http:\/\/www.nrwolff.com.br\/index.php?rest_route=\/wp\/v2\/types\/page"}],"author":[{"embeddable":true,"href":"http:\/\/www.nrwolff.com.br\/index.php?rest_route=\/wp\/v2\/users\/1"}],"replies":[{"embeddable":true,"href":"http:\/\/www.nrwolff.com.br\/index.php?rest_route=%2Fwp%2Fv2%2Fcomments&post=6332"}],"version-history":[{"count":13,"href":"http:\/\/www.nrwolff.com.br\/index.php?rest_route=\/wp\/v2\/pages\/6332\/revisions"}],"predecessor-version":[{"id":6520,"href":"http:\/\/www.nrwolff.com.br\/index.php?rest_route=\/wp\/v2\/pages\/6332\/revisions\/6520"}],"wp:attachment":[{"href":"http:\/\/www.nrwolff.com.br\/index.php?rest_route=%2Fwp%2Fv2%2Fmedia&parent=6332"}],"curies":[{"name":"wp","href":"https:\/\/api.w.org\/{rel}","templated":true}]}}